{"id":139,"date":"2021-01-06T15:39:10","date_gmt":"2021-01-06T14:39:10","guid":{"rendered":"https:\/\/stage.mariobirkholz.de\/?page_id=139"},"modified":"2021-04-17T17:22:13","modified_gmt":"2021-04-17T15:22:13","slug":"impressum","status":"publish","type":"page","link":"https:\/\/mariobirkholz.de\/de\/impressum\/","title":{"rendered":"Impressum"},"content":{"rendered":"<div data-elementor-type=\"wp-page\" data-elementor-id=\"139\" class=\"elementor elementor-139\" data-elementor-post-type=\"page\">\n\t\t\t\t\t\t<section class=\"elementor-section elementor-top-section elementor-element elementor-element-8ccc181 elementor-section-boxed elementor-section-height-default elementor-section-height-default\" data-id=\"8ccc181\" data-element_type=\"section\" data-e-type=\"section\">\n\t\t\t\t\t\t<div class=\"elementor-container elementor-column-gap-no\">\n\t\t\t\t\t<div class=\"elementor-column elementor-col-100 elementor-top-column elementor-element elementor-element-46b060b1\" data-id=\"46b060b1\" data-element_type=\"column\" data-e-type=\"column\">\n\t\t\t<div class=\"elementor-widget-wrap elementor-element-populated\">\n\t\t\t\t\t\t<div class=\"elementor-element elementor-element-95ec473 elementor-widget elementor-widget-heading\" data-id=\"95ec473\" data-element_type=\"widget\" data-e-type=\"widget\" data-widget_type=\"heading.default\">\n\t\t\t\t<div class=\"elementor-widget-container\">\n\t\t\t\t\t<h2 class=\"elementor-heading-title elementor-size-default\">Impressum<\/h2>\t\t\t\t<\/div>\n\t\t\t\t<\/div>\n\t\t\t\t\t<\/div>\n\t\t<\/div>\n\t\t\t\t\t<\/div>\n\t\t<\/section>\n\t\t\t\t<section class=\"elementor-section elementor-top-section elementor-element elementor-element-c9d01f3 elementor-section-boxed elementor-section-height-default elementor-section-height-default\" data-id=\"c9d01f3\" data-element_type=\"section\" data-e-type=\"section\">\n\t\t\t\t\t\t<div class=\"elementor-container elementor-column-gap-no\">\n\t\t\t\t\t<div class=\"elementor-column elementor-col-100 elementor-top-column elementor-element elementor-element-7abdeee0\" data-id=\"7abdeee0\" data-element_type=\"column\" data-e-type=\"column\">\n\t\t\t<div class=\"elementor-widget-wrap elementor-element-populated\">\n\t\t\t\t\t\t<div class=\"elementor-element elementor-element-75d5f588 elementor-widget elementor-widget-text-editor\" data-id=\"75d5f588\" data-element_type=\"widget\" data-e-type=\"widget\" data-widget_type=\"text-editor.default\">\n\t\t\t\t<div class=\"elementor-widget-container\">\n\t\t\t\t\t\t\t\t\t<p>Verantwortlich f\u00fcr den Inhalt dieser Seiten ist Prof. Dr. Mario Birkholz<\/p><div><div><div><p>Allgemeine Kontaktaufnahme via eMail oder Post.<\/p><\/div><div>Prof. Dr. Mario Birkholz<\/div><div>Skalitzer Str. 77, D-10997 Berlin, Germany<\/div><div><p>E-Mail: <a href=\"mailto:mail@ccc.de\">mb@mariobirkholz.de<\/a><\/p><p>Bitte keine \u00dcbergabeeinschreiben einsenden, es gibt keinen regul\u00e4ren B\u00fcrobetrieb und damit keine M\u00f6glichkeit, diese entgegenzunehmen. Sie gehen deshalb nach ein paar Wochen wieder zur\u00fcck an den Absender. Wenn es ein Einschreiben sein mu\u00df, dann bitte nur ein Einwurfeinschreiben.<\/p><\/div><\/div><\/div>\t\t\t\t\t\t\t\t<\/div>\n\t\t\t\t<\/div>\n\t\t\t\t\t<\/div>\n\t\t<\/div>\n\t\t\t\t\t<\/div>\n\t\t<\/section>\n\t\t\t\t<section class=\"elementor-section elementor-top-section elementor-element elementor-element-25f9bdf elementor-section-boxed elementor-section-height-default elementor-section-height-default\" data-id=\"25f9bdf\" data-element_type=\"section\" data-e-type=\"section\">\n\t\t\t\t\t\t<div class=\"elementor-container elementor-column-gap-default\">\n\t\t\t\t\t<div class=\"elementor-column elementor-col-100 elementor-top-column elementor-element elementor-element-22ecf73\" data-id=\"22ecf73\" data-element_type=\"column\" data-e-type=\"column\">\n\t\t\t<div class=\"elementor-widget-wrap elementor-element-populated\">\n\t\t\t\t\t\t<div class=\"elementor-element elementor-element-c4f1978 elementor-widget elementor-widget-spacer\" data-id=\"c4f1978\" data-element_type=\"widget\" data-e-type=\"widget\" data-widget_type=\"spacer.default\">\n\t\t\t\t<div class=\"elementor-widget-container\">\n\t\t\t\t\t\t\t<div class=\"elementor-spacer\">\n\t\t\t<div class=\"elementor-spacer-inner\"><\/div>\n\t\t<\/div>\n\t\t\t\t\t\t<\/div>\n\t\t\t\t<\/div>\n\t\t\t\t\t<\/div>\n\t\t<\/div>\n\t\t\t\t\t<\/div>\n\t\t<\/section>\n\t\t\t\t<\/div>","protected":false},"excerpt":{"rendered":"<p>Imprint Responsible for the content of these pages is Prof. Dr. Mario Birkholz. General contact by eMail or mail. Address: Prof. Dr. Mario BirkholzSkalitzer Str. 77, D-10997 Berlin, Germany E-Mail: mb@mariobirkholz.de Please do not send any handover letters, we do not have a regular regular office operation and thus no possibility to receive them. They [&hellip;]<\/p>\n","protected":false},"author":2,"featured_media":0,"parent":0,"menu_order":0,"comment_status":"closed","ping_status":"closed","template":"elementor_header_footer","meta":{"footnotes":""},"class_list":["post-139","page","type-page","status-publish","hentry"],"_links":{"self":[{"href":"https:\/\/mariobirkholz.de\/de\/wp-json\/wp\/v2\/pages\/139","targetHints":{"allow":["GET"]}}],"collection":[{"href":"https:\/\/mariobirkholz.de\/de\/wp-json\/wp\/v2\/pages"}],"about":[{"href":"https:\/\/mariobirkholz.de\/de\/wp-json\/wp\/v2\/types\/page"}],"author":[{"embeddable":true,"href":"https:\/\/mariobirkholz.de\/de\/wp-json\/wp\/v2\/users\/2"}],"replies":[{"embeddable":true,"href":"https:\/\/mariobirkholz.de\/de\/wp-json\/wp\/v2\/comments?post=139"}],"version-history":[{"count":5,"href":"https:\/\/mariobirkholz.de\/de\/wp-json\/wp\/v2\/pages\/139\/revisions"}],"predecessor-version":[{"id":500,"href":"https:\/\/mariobirkholz.de\/de\/wp-json\/wp\/v2\/pages\/139\/revisions\/500"}],"wp:attachment":[{"href":"https:\/\/mariobirkholz.de\/de\/wp-json\/wp\/v2\/media?parent=139"}],"curies":[{"name":"wp","href":"https:\/\/api.w.org\/{rel}","templated":true}]}}