{"id":141,"date":"2021-01-06T15:39:24","date_gmt":"2021-01-06T14:39:24","guid":{"rendered":"https:\/\/stage.mariobirkholz.de\/?page_id=141"},"modified":"2021-04-18T08:54:26","modified_gmt":"2021-04-18T06:54:26","slug":"datenschutz","status":"publish","type":"page","link":"https:\/\/mariobirkholz.de\/de\/datenschutz\/","title":{"rendered":"Datenschutz"},"content":{"rendered":"<div data-elementor-type=\"wp-page\" data-elementor-id=\"141\" class=\"elementor elementor-141\" data-elementor-post-type=\"page\">\n\t\t\t\t\t\t<section class=\"elementor-section elementor-top-section elementor-element elementor-element-8ccc181 elementor-section-boxed elementor-section-height-default elementor-section-height-default\" data-id=\"8ccc181\" data-element_type=\"section\" data-e-type=\"section\">\n\t\t\t\t\t\t<div class=\"elementor-container elementor-column-gap-no\">\n\t\t\t\t\t<div class=\"elementor-column elementor-col-100 elementor-top-column elementor-element elementor-element-46b060b1\" data-id=\"46b060b1\" data-element_type=\"column\" data-e-type=\"column\">\n\t\t\t<div class=\"elementor-widget-wrap elementor-element-populated\">\n\t\t\t\t\t\t<div class=\"elementor-element elementor-element-95ec473 elementor-widget elementor-widget-heading\" data-id=\"95ec473\" data-element_type=\"widget\" data-e-type=\"widget\" data-widget_type=\"heading.default\">\n\t\t\t\t<div class=\"elementor-widget-container\">\n\t\t\t\t\t<h2 class=\"elementor-heading-title elementor-size-default\">Datenschutz<\/h2>\t\t\t\t<\/div>\n\t\t\t\t<\/div>\n\t\t\t\t\t<\/div>\n\t\t<\/div>\n\t\t\t\t\t<\/div>\n\t\t<\/section>\n\t\t\t\t<section class=\"elementor-section elementor-top-section elementor-element elementor-element-c9d01f3 elementor-section-boxed elementor-section-height-default elementor-section-height-default\" data-id=\"c9d01f3\" data-element_type=\"section\" data-e-type=\"section\">\n\t\t\t\t\t\t<div class=\"elementor-container elementor-column-gap-no\">\n\t\t\t\t\t<div class=\"elementor-column elementor-col-100 elementor-top-column elementor-element elementor-element-7abdeee0\" data-id=\"7abdeee0\" data-element_type=\"column\" data-e-type=\"column\">\n\t\t\t<div class=\"elementor-widget-wrap elementor-element-populated\">\n\t\t\t\t\t\t<div class=\"elementor-element elementor-element-75d5f588 elementor-widget elementor-widget-text-editor\" data-id=\"75d5f588\" data-element_type=\"widget\" data-e-type=\"widget\" data-widget_type=\"text-editor.default\">\n\t\t\t\t<div class=\"elementor-widget-container\">\n\t\t\t\t\t\t\t\t\t<p>Vielen Dank f\u00fcr Ihr Interesse an dieser Website. Der Schutz Ihrer pers\u00f6nlichen Daten soll dabei gew\u00e4hrleistet sein. Daher m\u00f6chten wir Sie \u00fcber den Datenschutz auf dieser Website informieren.<\/p><p>Gegenstand des Datenschutzes<\/p><p>Der Datenschutz besch\u00e4ftigt sich mit personenbezogenen Daten. Nach Art. 4 Nr. 1 der Europ\u00e4ischen Datenschutz-Grundverordnung (EU-DSGVO) sind dies alle Informationen, die sich auf eine identifizierte oder identifizierbare nat\u00fcrliche Person beziehen, d.h. alle Informationen, mit denen Sie identifiziert werden k\u00f6nnen. Darunter fallen z.B. Angaben wie Name, Privatanschrift, E-Mail-Adresse oder Telefonnummer, aber auch Nutzungsdaten wie Ihre IP-Adresse.<\/p><p>Die Einhaltung der gesetzlichen Bestimmungen zum Datenschutz und anderer gesetzlicher Vorschriften und Auflagen ist f\u00fcr uns selbstverst\u00e4ndlich. Wir tun alles, damit Sie uns in Bezug auf Ihre pers\u00f6nlichen Daten vertrauen k\u00f6nnen. So wird beispielsweise die \u00dcbertragung von personenbezogenen und sensiblen Daten verschl\u00fcsselt. Au\u00dferdem sind unsere Webseiten durch technische Ma\u00dfnahmen gegen Besch\u00e4digung oder unbefugten Zugriff gesch\u00fctzt.<\/p><p>Allgemeiner Datenschutzhinweis<\/p><p>Wenn Sie auf Webseiten von MarioBirkholz.de zugreifen oder Daten von diesen Seiten herunterladen, werden Informationen dar\u00fcber in einer Protokolldatei mit folgendem Inhalt gespeichert:<br \/>- das Datum und die Uhrzeit des Seitenaufrufs,<br \/>- die aufgerufene Seite bzw. der Name der abgerufenen Datei,<br \/>- die \u00fcbertragene Datenmenge,<br \/>- der \"User Agent-String\" Ihres Webbrowsers,<br \/>- die Webseite, von der aus Sie die aktuelle Seite oder Datei aufgerufen haben<br \/>- und die Statusmeldung, ob der Zugriff bzw. Abruf erfolgreich war.<\/p><p>Diese anonymisierten Protokolldaten werden nur bei Bedarf manuell eingesehen und sind zur Fehleranalyse, Optimierung oder Untersuchung von Missbrauchsf\u00e4llen oder Leistungsengp\u00e4ssen erforderlich. Dies stellt ein berechtigtes Interesse i.S.d. Art. 6 (1) lit. f EU-DSGVO dar. Ein Widerspruchsrecht nach Art. 21 EU-DSGVO ist mangels technischer Realisierbarkeit nicht m\u00f6glich. Um Ihre \u00fcbermittelten Daten bestm\u00f6glich zu sch\u00fctzen, setzen wir bei der \u00dcbertragung von Daten eine SSL-Verschl\u00fcsselung ein. Sie erkennen solche verschl\u00fcsselten Verbindungen an dem Pr\u00e4fix \"https:\/\/\" im Seitenlink in der Adresszeile oder an dem gr\u00fcnen\/geschlossenen Vorh\u00e4ngeschloss-Symbol Ihres Browsers. Alle Daten, die Sie an diese Website \u00fcbermitteln, k\u00f6nnen dank der SSL-Verschl\u00fcsselung nicht von Dritten mitgelesen werden.<\/p><p>Cookies werden h\u00e4ufig auch zum Sammeln und Speichern von Daten verwendet. Cookies sind kleine, aus Text bestehende Datenpakete, die von Ihrem Webbrowser gespeichert werden, wenn Sie eine Website aufrufen. Auf diesen Websites werden Cookies niemals verwendet, um pers\u00f6nliche Benutzeraktionen zu verfolgen oder f\u00fcr Verhaltensanalysen. Sie werden ausschlie\u00dflich dort eingesetzt, wo sie technisch notwendig oder sinnvoller sind als andere Techniken (im Sinne von Art. 6 Abs. 1 lit. f EU-DSGVO): zur Erfassung Ihres Login-Status. Es wird versucht, den Einsatz von tempor\u00e4ren und permanenten Cookies vollst\u00e4ndig zu vermeiden. Tempor\u00e4re Cookies werden automatisch gel\u00f6scht, wenn Sie Ihren Webbrowser schlie\u00dfen. Permanente Cookies hingegen haben eine festgelegte Lebensdauer. Sie k\u00f6nnen Ihren Webbrowser so einstellen, dass bereits gesetzte Cookies gel\u00f6scht werden.<\/p><p>Beschwerderecht<\/p><p>Sollten Sie Anhaltspunkte daf\u00fcr erkennen, dass wir Ihre Daten nicht datenschutzkonform behandeln, k\u00f6nnen Sie sich an die Aufsichtsbeh\u00f6rde wenden:<\/p><p>Berliner Beauftragte f\u00fcr Datenschutz und Informationsfreiheit<br \/>Friedrichstr. 219 \/ Besuchereingang \u00fcber Puttkamerstr. 16 -18<br \/>10969 Berlin<br \/>Phone: +49 30 13889-0<br \/>Fax: +49 30 2155050<br \/>E-mail: mailbox@datenschutz-berlin.de<\/p><p>Abschlie\u00dfende Hinweise<\/p><p>Bitte beachten Sie, dass sich Datenschutzbestimmungen und -praktiken laufend \u00e4ndern k\u00f6nnen, so dass es notwendig ist, sich \u00fcber \u00c4nderungen der gesetzlichen Bestimmungen und der Unternehmenspraxis zu informieren. Diese Datenschutzerkl\u00e4rung gilt nur f\u00fcr Inhalte auf www.mariobirkholz.de und erstreckt sich nicht auf verlinkte Webseiten nachgelagerter oder externer Webserver.<\/p>\t\t\t\t\t\t\t\t<\/div>\n\t\t\t\t<\/div>\n\t\t\t\t\t<\/div>\n\t\t<\/div>\n\t\t\t\t\t<\/div>\n\t\t<\/section>\n\t\t\t\t<section class=\"elementor-section elementor-top-section elementor-element elementor-element-25f9bdf elementor-section-boxed elementor-section-height-default elementor-section-height-default\" data-id=\"25f9bdf\" data-element_type=\"section\" data-e-type=\"section\">\n\t\t\t\t\t\t<div class=\"elementor-container elementor-column-gap-default\">\n\t\t\t\t\t<div class=\"elementor-column elementor-col-100 elementor-top-column elementor-element elementor-element-22ecf73\" data-id=\"22ecf73\" data-element_type=\"column\" data-e-type=\"column\">\n\t\t\t<div class=\"elementor-widget-wrap elementor-element-populated\">\n\t\t\t\t\t\t<div class=\"elementor-element elementor-element-c4f1978 elementor-widget elementor-widget-spacer\" data-id=\"c4f1978\" data-element_type=\"widget\" data-e-type=\"widget\" data-widget_type=\"spacer.default\">\n\t\t\t\t<div class=\"elementor-widget-container\">\n\t\t\t\t\t\t\t<div class=\"elementor-spacer\">\n\t\t\t<div class=\"elementor-spacer-inner\"><\/div>\n\t\t<\/div>\n\t\t\t\t\t\t<\/div>\n\t\t\t\t<\/div>\n\t\t\t\t\t<\/div>\n\t\t<\/div>\n\t\t\t\t\t<\/div>\n\t\t<\/section>\n\t\t\t\t<\/div>","protected":false},"excerpt":{"rendered":"<p>Data protection Thank you for your interest in this website. The protection your personal data should be guaranteed. Therefore, we would like to inform you about the data protection on this website. Subject of data protection Data protection deals with personal data. According to Article 4 No. 1 of the European Data Protection Regulation (EU-DSGVO), [&hellip;]<\/p>\n","protected":false},"author":2,"featured_media":0,"parent":0,"menu_order":0,"comment_status":"closed","ping_status":"closed","template":"","meta":{"footnotes":""},"class_list":["post-141","page","type-page","status-publish","hentry"],"_links":{"self":[{"href":"https:\/\/mariobirkholz.de\/de\/wp-json\/wp\/v2\/pages\/141","targetHints":{"allow":["GET"]}}],"collection":[{"href":"https:\/\/mariobirkholz.de\/de\/wp-json\/wp\/v2\/pages"}],"about":[{"href":"https:\/\/mariobirkholz.de\/de\/wp-json\/wp\/v2\/types\/page"}],"author":[{"embeddable":true,"href":"https:\/\/mariobirkholz.de\/de\/wp-json\/wp\/v2\/users\/2"}],"replies":[{"embeddable":true,"href":"https:\/\/mariobirkholz.de\/de\/wp-json\/wp\/v2\/comments?post=141"}],"version-history":[{"count":5,"href":"https:\/\/mariobirkholz.de\/de\/wp-json\/wp\/v2\/pages\/141\/revisions"}],"predecessor-version":[{"id":545,"href":"https:\/\/mariobirkholz.de\/de\/wp-json\/wp\/v2\/pages\/141\/revisions\/545"}],"wp:attachment":[{"href":"https:\/\/mariobirkholz.de\/de\/wp-json\/wp\/v2\/media?parent=141"}],"curies":[{"name":"wp","href":"https:\/\/api.w.org\/{rel}","templated":true}]}}