{"id":231,"date":"2021-01-06T18:36:29","date_gmt":"2021-01-06T17:36:29","guid":{"rendered":"https:\/\/stage.mariobirkholz.de\/?page_id=231"},"modified":"2025-04-13T18:17:07","modified_gmt":"2025-04-13T16:17:07","slug":"publication-list","status":"publish","type":"page","link":"https:\/\/mariobirkholz.de\/de\/publication-list\/","title":{"rendered":"Publikationsliste"},"content":{"rendered":"<div data-elementor-type=\"wp-page\" data-elementor-id=\"231\" class=\"elementor elementor-231\" data-elementor-post-type=\"page\">\n\t\t\t\t\t\t<section class=\"elementor-section elementor-top-section elementor-element elementor-element-8ccc181 elementor-section-boxed elementor-section-height-default elementor-section-height-default\" data-id=\"8ccc181\" data-element_type=\"section\" data-e-type=\"section\">\n\t\t\t\t\t\t<div class=\"elementor-container elementor-column-gap-no\">\n\t\t\t\t\t<div class=\"elementor-column elementor-col-100 elementor-top-column elementor-element elementor-element-46b060b1\" data-id=\"46b060b1\" data-element_type=\"column\" data-e-type=\"column\">\n\t\t\t<div class=\"elementor-widget-wrap elementor-element-populated\">\n\t\t\t\t\t\t<div class=\"elementor-element elementor-element-95ec473 elementor-widget elementor-widget-heading\" data-id=\"95ec473\" data-element_type=\"widget\" data-e-type=\"widget\" data-widget_type=\"heading.default\">\n\t\t\t\t<div class=\"elementor-widget-container\">\n\t\t\t\t\t<h2 class=\"elementor-heading-title elementor-size-large\">Einzelarbeiten<\/h2>\t\t\t\t<\/div>\n\t\t\t\t<\/div>\n\t\t\t\t\t<\/div>\n\t\t<\/div>\n\t\t\t\t\t<\/div>\n\t\t<\/section>\n\t\t\t\t<section class=\"elementor-section elementor-top-section elementor-element elementor-element-c9d01f3 elementor-section-boxed elementor-section-height-default elementor-section-height-default\" data-id=\"c9d01f3\" data-element_type=\"section\" data-e-type=\"section\">\n\t\t\t\t\t\t<div class=\"elementor-container elementor-column-gap-no\">\n\t\t\t\t\t<div class=\"elementor-column elementor-col-100 elementor-top-column elementor-element elementor-element-7abdeee0\" data-id=\"7abdeee0\" data-element_type=\"column\" data-e-type=\"column\">\n\t\t\t<div class=\"elementor-widget-wrap elementor-element-populated\">\n\t\t\t\t\t\t<div class=\"elementor-element elementor-element-75d5f588 elementor-widget elementor-widget-text-editor\" data-id=\"75d5f588\" data-element_type=\"widget\" data-e-type=\"widget\" data-widget_type=\"text-editor.default\">\n\t\t\t\t<div class=\"elementor-widget-container\">\n\t\t\t\t\t\t\t\t\t<p>Erfolg in der Wissenschaft basiert heutzutage vor allem auf Teamarbeit, auch wenn die zum Teil merkw\u00fcrdige Ausma\u00dfe annimmt. So firmieren manche Kolleg:innen als Autor:in f\u00fcr mehrere hundert wissenschaftliche Ver\u00f6ffentlichungen. Ist das m\u00f6glich? K\u00f6nnten sie f\u00fcr jede der Arbeiten nachvollziehbar erkl\u00e4ren, auf welcher Methode sie basiert? Ich habe in einer Zeit meine wissenschaftliche Ausbildung erfahren, als Kollegen von Anfang und Mitte des 20<sup>.<\/sup> Jahrhunderts als Vorbilder galten. So wurde es zu einer Herausforderung auch eigene wissenschaftliche Ver\u00f6ffentlichungen zu verfassen, und sie seien ausnahmsweise einmal gesondert in folgender Liste zusammengestellt.<\/p><p>Aber nat\u00fcrlich ist Wissenschaft auch immer gute Teamarbeit und deutlich mehr Ver\u00f6ffentlichungen ergaben sich in Kooperation mit gro\u00dfartigen Kolleginnen und Kollegen. Ein vollst\u00e4ndiges Publikationsverzeichnis findet sich <a href=\"https:\/\/mariobirkholz.de\/weblist.pdf\" target=\"_blank\" rel=\"noopener\">hier<\/a>.<\/p>\t\t\t\t\t\t\t\t<\/div>\n\t\t\t\t<\/div>\n\t\t\t\t\t<\/div>\n\t\t<\/div>\n\t\t\t\t\t<\/div>\n\t\t<\/section>\n\t\t\t\t<section class=\"elementor-section elementor-top-section elementor-element elementor-element-09a179a elementor-section-boxed elementor-section-height-default elementor-section-height-default\" data-id=\"09a179a\" data-element_type=\"section\" data-e-type=\"section\" data-settings=\"{&quot;background_background&quot;:&quot;classic&quot;}\">\n\t\t\t\t\t\t<div class=\"elementor-container elementor-column-gap-default\">\n\t\t\t\t\t<div class=\"elementor-column elementor-col-100 elementor-top-column elementor-element elementor-element-b86ba01\" data-id=\"b86ba01\" data-element_type=\"column\" data-e-type=\"column\">\n\t\t\t<div class=\"elementor-widget-wrap elementor-element-populated\">\n\t\t\t\t\t\t<section class=\"elementor-section elementor-inner-section elementor-element elementor-element-a32eb4d elementor-section-boxed elementor-section-height-default elementor-section-height-default\" data-id=\"a32eb4d\" data-element_type=\"section\" data-e-type=\"section\">\n\t\t\t\t\t\t<div class=\"elementor-container elementor-column-gap-default\">\n\t\t\t\t\t<div class=\"elementor-column elementor-col-100 elementor-inner-column elementor-element elementor-element-790b4a1\" data-id=\"790b4a1\" data-element_type=\"column\" data-e-type=\"column\">\n\t\t\t<div class=\"elementor-widget-wrap elementor-element-populated\">\n\t\t\t\t\t\t<div class=\"elementor-element elementor-element-7c7db5f elementor-widget elementor-widget-text-editor\" data-id=\"7c7db5f\" data-element_type=\"widget\" data-e-type=\"widget\" data-widget_type=\"text-editor.default\">\n\t\t\t\t<div class=\"elementor-widget-container\">\n\t\t\t\t\t\t\t\t\t<p><strong><a href=\"https:\/\/doi.org\/10.5281\/zenodo.15127194\" target=\"_blank\" rel=\"noopener\"><em>Innovations in Electronics &#8211; Friend or Foe in Achieving Sustainability?<\/em><\/a><\/strong><br \/>M. Birkholz<br \/><em>Conference Proceedings Electronics Goes Green 2024+<\/em><br \/>Fraunhofer IZM and TU Berlin (Eds.), Berlin (2024) p. 231<\/p>\t\t\t\t\t\t\t\t<\/div>\n\t\t\t\t<\/div>\n\t\t\t\t\t<\/div>\n\t\t<\/div>\n\t\t\t\t\t<\/div>\n\t\t<\/section>\n\t\t\t\t<section class=\"elementor-section elementor-inner-section elementor-element elementor-element-6e26a9d elementor-section-boxed elementor-section-height-default elementor-section-height-default\" data-id=\"6e26a9d\" data-element_type=\"section\" data-e-type=\"section\">\n\t\t\t\t\t\t<div class=\"elementor-container elementor-column-gap-default\">\n\t\t\t\t\t<div class=\"elementor-column elementor-col-100 elementor-inner-column elementor-element elementor-element-383f7b8\" data-id=\"383f7b8\" data-element_type=\"column\" data-e-type=\"column\">\n\t\t\t<div class=\"elementor-widget-wrap elementor-element-populated\">\n\t\t\t\t\t\t<div class=\"elementor-element elementor-element-af9252e elementor-widget elementor-widget-text-editor\" data-id=\"af9252e\" data-element_type=\"widget\" data-e-type=\"widget\" data-widget_type=\"text-editor.default\">\n\t\t\t\t<div class=\"elementor-widget-container\">\n\t\t\t\t\t\t\t\t\t<p><strong><a href=\"https:\/\/www.taylorfrancis.com\/chapters\/edit\/10.1201\/9781003263265-21\/implantable-microelectronics-mario-birkholz\" target=\"_blank\" rel=\"noopener\"><em>Implantable Microelectronics<\/em><\/a><\/strong><br \/>M. Birkholz<br \/><a href=\"https:\/\/doi.org\/10.1201\/9781003263265\" target=\"_blank\" rel=\"noopener\"><em>Bioelectronics: Materials, Technologies and Emerging Applications<\/em><\/a><br \/>A. Kumar and R.K. Gupta (Eds.), CRC Press (2022) Chapter 21<\/p>\t\t\t\t\t\t\t\t<\/div>\n\t\t\t\t<\/div>\n\t\t\t\t\t<\/div>\n\t\t<\/div>\n\t\t\t\t\t<\/div>\n\t\t<\/section>\n\t\t\t\t<section class=\"elementor-section elementor-inner-section elementor-element elementor-element-fb3b4aa elementor-section-boxed elementor-section-height-default elementor-section-height-default\" data-id=\"fb3b4aa\" data-element_type=\"section\" data-e-type=\"section\">\n\t\t\t\t\t\t<div class=\"elementor-container elementor-column-gap-default\">\n\t\t\t\t\t<div class=\"elementor-column elementor-col-100 elementor-inner-column elementor-element elementor-element-0e144a7\" data-id=\"0e144a7\" data-element_type=\"column\" data-e-type=\"column\">\n\t\t\t<div class=\"elementor-widget-wrap elementor-element-populated\">\n\t\t\t\t\t\t<div class=\"elementor-element elementor-element-c511997 elementor-widget elementor-widget-text-editor\" data-id=\"c511997\" data-element_type=\"widget\" data-e-type=\"widget\" data-widget_type=\"text-editor.default\">\n\t\t\t\t<div class=\"elementor-widget-container\">\n\t\t\t\t\t\t\t\t\t<p><a href=\"http:\/\/dx.doi.org\/10.1107\/97809553602060000969\" target=\"_blank\" rel=\"noopener\"><strong><em>Thin Films and Multilayers<\/em><\/strong><\/a><br \/><span id=\"page37R_mcid20\" class=\"markedContent\"><span dir=\"ltr\" role=\"presentation\">M. Birkholz<\/span><\/span><br \/><em><a href=\"https:\/\/it.iucr.org\/H\/\" target=\"_blank\" rel=\"noopener\">International Tables for Crystallography, Volume H &#8211; Powder Diffraction<\/a><\/em><br \/>C. Gilmore, J. Kaduk and H. Schenk (Eds.), Wiley-Blackwell, Chapter 5.4 (2019) 581<\/p>\t\t\t\t\t\t\t\t<\/div>\n\t\t\t\t<\/div>\n\t\t\t\t\t<\/div>\n\t\t<\/div>\n\t\t\t\t\t<\/div>\n\t\t<\/section>\n\t\t\t\t<section class=\"elementor-section elementor-inner-section elementor-element elementor-element-e7eb774 elementor-section-boxed elementor-section-height-default elementor-section-height-default\" data-id=\"e7eb774\" data-element_type=\"section\" data-e-type=\"section\">\n\t\t\t\t\t\t<div class=\"elementor-container elementor-column-gap-default\">\n\t\t\t\t\t<div class=\"elementor-column elementor-col-100 elementor-inner-column elementor-element elementor-element-2fa41a7\" data-id=\"2fa41a7\" data-element_type=\"column\" data-e-type=\"column\">\n\t\t\t<div class=\"elementor-widget-wrap elementor-element-populated\">\n\t\t\t\t\t\t<div class=\"elementor-element elementor-element-0f645d8 elementor-widget elementor-widget-text-editor\" data-id=\"0f645d8\" data-element_type=\"widget\" data-e-type=\"widget\" data-widget_type=\"text-editor.default\">\n\t\t\t\t<div class=\"elementor-widget-container\">\n\t\t\t\t\t\t\t\t\t<p><strong><a href=\"http:\/\/www.mdpi.com\/2073-4352\/4\/3\/390\/pdf\" target=\"_blank\" rel=\"noopener\"><em>Modeling the Shape of Ions in Pyrite-Type Crystals<\/em><\/a><\/strong><br \/>M. Birkholz<br \/>crystals <strong>4<\/strong> (2014) 390<\/p>\t\t\t\t\t\t\t\t<\/div>\n\t\t\t\t<\/div>\n\t\t\t\t\t<\/div>\n\t\t<\/div>\n\t\t\t\t\t<\/div>\n\t\t<\/section>\n\t\t\t\t<section class=\"elementor-section elementor-inner-section elementor-element elementor-element-2494552 elementor-section-boxed elementor-section-height-default elementor-section-height-default\" data-id=\"2494552\" data-element_type=\"section\" data-e-type=\"section\">\n\t\t\t\t\t\t<div class=\"elementor-container elementor-column-gap-default\">\n\t\t\t\t\t<div class=\"elementor-column elementor-col-100 elementor-inner-column elementor-element elementor-element-36d389a\" data-id=\"36d389a\" data-element_type=\"column\" data-e-type=\"column\">\n\t\t\t<div class=\"elementor-widget-wrap elementor-element-populated\">\n\t\t\t\t\t\t<div class=\"elementor-element elementor-element-9c2c168 elementor-widget elementor-widget-text-editor\" data-id=\"9c2c168\" data-element_type=\"widget\" data-e-type=\"widget\" data-widget_type=\"text-editor.default\">\n\t\t\t\t<div class=\"elementor-widget-container\">\n\t\t\t\t\t\t\t\t\t<p><strong><a href=\"http:\/\/mariobirkholz.de\/de\/NIMB2010.pdf\/\" target=\"_blank\" rel=\"noopener\"><em>A Thin Film Approach to Protein Crystallography<\/em><\/a><\/strong><br \/>M. Birkholz<br \/>Nuclear Instruments and Methods in Physics Research B <strong>268<\/strong> (2010) 414<\/p>\t\t\t\t\t\t\t\t<\/div>\n\t\t\t\t<\/div>\n\t\t\t\t\t<\/div>\n\t\t<\/div>\n\t\t\t\t\t<\/div>\n\t\t<\/section>\n\t\t\t\t<section class=\"elementor-section elementor-inner-section elementor-element elementor-element-583345a elementor-section-boxed elementor-section-height-default elementor-section-height-default\" data-id=\"583345a\" data-element_type=\"section\" data-e-type=\"section\">\n\t\t\t\t\t\t<div class=\"elementor-container elementor-column-gap-default\">\n\t\t\t\t\t<div class=\"elementor-column elementor-col-100 elementor-inner-column elementor-element elementor-element-4c0e714\" data-id=\"4c0e714\" data-element_type=\"column\" data-e-type=\"column\">\n\t\t\t<div class=\"elementor-widget-wrap elementor-element-populated\">\n\t\t\t\t\t\t<div class=\"elementor-element elementor-element-87c734d elementor-widget elementor-widget-text-editor\" data-id=\"87c734d\" data-element_type=\"widget\" data-e-type=\"widget\" data-widget_type=\"text-editor.default\">\n\t\t\t\t<div class=\"elementor-widget-container\">\n\t\t\t\t\t\t\t\t\t<p><strong><a href=\"http:\/\/mariobirkholz.de\/de\/JAC2007.pdf\/\" target=\"_blank\" rel=\"noopener\"><em>Modeling of Diffraction from Fiber Texture Gradients in Thin Polycrystalline Films<\/em><\/a><\/strong><br \/>M. Birkholz <br \/>Journal of Applied Crystallography\u00a0\u00a0<strong>40<\/strong> (2007) 735<\/p>\t\t\t\t\t\t\t\t<\/div>\n\t\t\t\t<\/div>\n\t\t\t\t\t<\/div>\n\t\t<\/div>\n\t\t\t\t\t<\/div>\n\t\t<\/section>\n\t\t\t\t<section class=\"elementor-section elementor-inner-section elementor-element elementor-element-cdb3801 elementor-section-boxed elementor-section-height-default elementor-section-height-default\" data-id=\"cdb3801\" data-element_type=\"section\" data-e-type=\"section\">\n\t\t\t\t\t\t<div class=\"elementor-container elementor-column-gap-default\">\n\t\t\t\t\t<div class=\"elementor-column elementor-col-100 elementor-inner-column elementor-element elementor-element-6058c3e\" data-id=\"6058c3e\" data-element_type=\"column\" data-e-type=\"column\">\n\t\t\t<div class=\"elementor-widget-wrap elementor-element-populated\">\n\t\t\t\t\t\t<div class=\"elementor-element elementor-element-79c3a96 elementor-widget elementor-widget-text-editor\" data-id=\"79c3a96\" data-element_type=\"widget\" data-e-type=\"widget\" data-widget_type=\"text-editor.default\">\n\t\t\t\t<div class=\"elementor-widget-container\">\n\t\t\t\t\t\t\t\t\t<p><strong><a href=\"http:\/\/mariobirkholz.de\/de\/ZPB1995b.pdf\/\" target=\"_blank\" rel=\"noopener\"><em>Crystal-Field Induced Dipoles in Heteropolar Crystals II: Physical Significance<\/em><\/a><\/strong><br \/>M. Birkholz<br \/>Zeitschrift f\u00fcr Physik B\u00a0\u00a0<strong>96<\/strong>\u00a0 (1995) 333<\/p>\t\t\t\t\t\t\t\t<\/div>\n\t\t\t\t<\/div>\n\t\t\t\t\t<\/div>\n\t\t<\/div>\n\t\t\t\t\t<\/div>\n\t\t<\/section>\n\t\t\t\t<section class=\"elementor-section elementor-inner-section elementor-element elementor-element-45ba682 elementor-section-boxed elementor-section-height-default elementor-section-height-default\" data-id=\"45ba682\" data-element_type=\"section\" data-e-type=\"section\">\n\t\t\t\t\t\t<div class=\"elementor-container elementor-column-gap-default\">\n\t\t\t\t\t<div class=\"elementor-column elementor-col-100 elementor-inner-column elementor-element elementor-element-e75aad6\" data-id=\"e75aad6\" data-element_type=\"column\" data-e-type=\"column\">\n\t\t\t<div class=\"elementor-widget-wrap elementor-element-populated\">\n\t\t\t\t\t\t<div class=\"elementor-element elementor-element-acca41b elementor-widget elementor-widget-text-editor\" data-id=\"acca41b\" data-element_type=\"widget\" data-e-type=\"widget\" data-widget_type=\"text-editor.default\">\n\t\t\t\t<div class=\"elementor-widget-container\">\n\t\t\t\t\t\t\t\t\t<p><strong><a href=\"http:\/\/mariobirkholz.de\/de\/ZPB1995a.pdf\/\" target=\"_blank\" rel=\"noopener\"><em>Crystal-Field Induced Dipoles in Heteropolar Crystals I: Concept<\/em><\/a><\/strong><br \/>M. Birkholz<br \/>Zeitschrift f\u00fcr Physik B\u00a0\u00a0<strong>96<\/strong>\u00a0 (1995) 325<\/p>\t\t\t\t\t\t\t\t<\/div>\n\t\t\t\t<\/div>\n\t\t\t\t\t<\/div>\n\t\t<\/div>\n\t\t\t\t\t<\/div>\n\t\t<\/section>\n\t\t\t\t<section class=\"elementor-section elementor-inner-section elementor-element elementor-element-d1c28cd elementor-section-boxed elementor-section-height-default elementor-section-height-default\" data-id=\"d1c28cd\" data-element_type=\"section\" data-e-type=\"section\">\n\t\t\t\t\t\t<div class=\"elementor-container elementor-column-gap-default\">\n\t\t\t\t\t<div class=\"elementor-column elementor-col-100 elementor-inner-column elementor-element elementor-element-f0cb4c3\" data-id=\"f0cb4c3\" data-element_type=\"column\" data-e-type=\"column\">\n\t\t\t<div class=\"elementor-widget-wrap elementor-element-populated\">\n\t\t\t\t\t\t<div class=\"elementor-element elementor-element-8cfa912 elementor-widget elementor-widget-text-editor\" data-id=\"8cfa912\" data-element_type=\"widget\" data-e-type=\"widget\" data-widget_type=\"text-editor.default\">\n\t\t\t\t<div class=\"elementor-widget-container\">\n\t\t\t\t\t\t\t\t\t<p><strong><a href=\"http:\/\/mariobirkholz.de\/de\/PVSEC1992.pdf\/\" target=\"_blank\" rel=\"noopener\"><em>Optical Absorption Coefficient of Pyrite (FeS<sub>2<\/sub>)<\/em><\/a><\/strong><br \/>M. Birkholz<br \/>11<sup>.<\/sup> EC Photovoltaic Solar Energy Conference, Montreux, October 1992<br \/>Proceedings edited by L. Guimar\u00e3es et al., Harwood, Chur (1993) 344<\/p>\t\t\t\t\t\t\t\t<\/div>\n\t\t\t\t<\/div>\n\t\t\t\t\t<\/div>\n\t\t<\/div>\n\t\t\t\t\t<\/div>\n\t\t<\/section>\n\t\t\t\t<section class=\"elementor-section elementor-inner-section elementor-element elementor-element-a10e52d elementor-section-boxed elementor-section-height-default elementor-section-height-default\" data-id=\"a10e52d\" data-element_type=\"section\" data-e-type=\"section\">\n\t\t\t\t\t\t<div class=\"elementor-container elementor-column-gap-default\">\n\t\t\t\t\t<div class=\"elementor-column elementor-col-100 elementor-inner-column elementor-element elementor-element-b2f4727\" data-id=\"b2f4727\" data-element_type=\"column\" data-e-type=\"column\">\n\t\t\t<div class=\"elementor-widget-wrap elementor-element-populated\">\n\t\t\t\t\t\t<div class=\"elementor-element elementor-element-402c9bb elementor-widget elementor-widget-text-editor\" data-id=\"402c9bb\" data-element_type=\"widget\" data-e-type=\"widget\" data-widget_type=\"text-editor.default\">\n\t\t\t\t<div class=\"elementor-widget-container\">\n\t\t\t\t\t\t\t\t\t<p><strong><a href=\"http:\/\/mariobirkholz.de\/de\/JPhysC1992.pdf\/\" target=\"_blank\" rel=\"noopener\"><em>The Crystal Energy of Pyrite<\/em><\/a><\/strong><br \/>M. Birkholz<br \/>Journal of Physics: Condensed Matter\u00a0 <strong>4<\/strong>\u00a0 (1992) 6227<\/p>\t\t\t\t\t\t\t\t<\/div>\n\t\t\t\t<\/div>\n\t\t\t\t\t<\/div>\n\t\t<\/div>\n\t\t\t\t\t<\/div>\n\t\t<\/section>\n\t\t\t\t\t<\/div>\n\t\t<\/div>\n\t\t\t\t\t<\/div>\n\t\t<\/section>\n\t\t\t\t<\/div>","protected":false},"excerpt":{"rendered":"<p>My favorite things Success in science is based above all on teamwork today, even if it can sometimes take on incomprehensible forms. Some colleagues, for instance, appear as authors of several hundred scientific publications. Is that possible? Could they explain in a comprehensible way for each of the papers on which methodes it is based? [&hellip;]<\/p>\n","protected":false},"author":2,"featured_media":0,"parent":0,"menu_order":0,"comment_status":"closed","ping_status":"closed","template":"elementor_header_footer","meta":{"footnotes":""},"class_list":["post-231","page","type-page","status-publish","hentry"],"_links":{"self":[{"href":"https:\/\/mariobirkholz.de\/de\/wp-json\/wp\/v2\/pages\/231","targetHints":{"allow":["GET"]}}],"collection":[{"href":"https:\/\/mariobirkholz.de\/de\/wp-json\/wp\/v2\/pages"}],"about":[{"href":"https:\/\/mariobirkholz.de\/de\/wp-json\/wp\/v2\/types\/page"}],"author":[{"embeddable":true,"href":"https:\/\/mariobirkholz.de\/de\/wp-json\/wp\/v2\/users\/2"}],"replies":[{"embeddable":true,"href":"https:\/\/mariobirkholz.de\/de\/wp-json\/wp\/v2\/comments?post=231"}],"version-history":[{"count":114,"href":"https:\/\/mariobirkholz.de\/de\/wp-json\/wp\/v2\/pages\/231\/revisions"}],"predecessor-version":[{"id":1339,"href":"https:\/\/mariobirkholz.de\/de\/wp-json\/wp\/v2\/pages\/231\/revisions\/1339"}],"wp:attachment":[{"href":"https:\/\/mariobirkholz.de\/de\/wp-json\/wp\/v2\/media?parent=231"}],"curies":[{"name":"wp","href":"https:\/\/api.w.org\/{rel}","templated":true}]}}